{"id":117,"date":"2015-01-08T08:11:24","date_gmt":"2015-01-08T08:11:24","guid":{"rendered":"https:\/\/sitekimpianti.it\/?page_id=117"},"modified":"2015-02-25T07:53:08","modified_gmt":"2015-02-25T07:53:08","slug":"clima","status":"publish","type":"page","link":"https:\/\/sitekimpianti.it\/?page_id=117","title":{"rendered":"Clima"},"content":{"rendered":"<p>Grazie alla professionalit\u00e0 del proprio personale, sempre aggiornato su tutte le novit\u00e0 di settore, la ditta \u00e8 oggi in grado di fornire un servizio a 360\u00b0 per ci\u00f2 che riguarda la climatizzazione, l&#8217;aspirazione, la ventilazione e la depurazione civile e industriale.<\/p>\n<p><a href=\"https:\/\/sitekimpianti.it\/wp-content\/uploads\/2014\/12\/img10.jpg\"><img loading=\"lazy\" decoding=\"async\" class=\"alignnone size-medium wp-image-57\" src=\"https:\/\/sitekimpianti.it\/wp-content\/uploads\/2014\/12\/img10-300x199.jpg\" alt=\"img10\" width=\"300\" height=\"199\" srcset=\"https:\/\/sitekimpianti.it\/wp-content\/uploads\/2014\/12\/img10-300x199.jpg 300w, https:\/\/sitekimpianti.it\/wp-content\/uploads\/2014\/12\/img10.jpg 490w\" sizes=\"auto, (max-width: 300px) 100vw, 300px\" \/><\/a><a href=\"https:\/\/sitekimpianti.it\/wp-content\/uploads\/2014\/12\/img41.jpg\"><img loading=\"lazy\" decoding=\"async\" class=\"alignnone size-medium wp-image-88\" src=\"https:\/\/sitekimpianti.it\/wp-content\/uploads\/2014\/12\/img41-300x199.jpg\" alt=\"img41\" width=\"300\" height=\"199\" srcset=\"https:\/\/sitekimpianti.it\/wp-content\/uploads\/2014\/12\/img41-300x199.jpg 300w, https:\/\/sitekimpianti.it\/wp-content\/uploads\/2014\/12\/img41.jpg 490w\" sizes=\"auto, (max-width: 300px) 100vw, 300px\" \/><\/a><\/p>\n<p><a title=\"Condizionatori\" href=\"https:\/\/sitekimpianti.it\/condizionatori\/\">Climatizzazione<br \/>\nCondizionatori<br \/>\n<\/a><a class=\"row-title\" title=\"Aspirazione\" href=\"https:\/\/sitekimpianti.it\/aspirazione\/\">Aspirazione<br \/>\n<\/a><a title=\"Assistenza impianti per l\u2019ambiente\" href=\"https:\/\/sitekimpianti.it\/assistenza-impianti-per-lambiente\/\">Assistenza impianti per l\u2019ambiente<\/a><a title=\"Condizionatori\" href=\"https:\/\/sitekimpianti.it\/condizionatori\/\"><br \/>\n<\/a><\/p>\n","protected":false},"excerpt":{"rendered":"<p>Grazie alla professionalit\u00e0 del proprio personale, sempre aggiornato su tutte le novit\u00e0 di settore, la ditta \u00e8 oggi in grado di fornire un servizio a 360\u00b0 per ci\u00f2 che riguarda la climatizzazione, l&#8217;aspirazione, la ventilazione e la depurazione civile e industriale. Climatizzazione Condizionatori Aspirazione Assistenza impianti per l\u2019ambiente<\/p>\n","protected":false},"author":2,"featured_media":0,"parent":0,"menu_order":0,"comment_status":"open","ping_status":"closed","template":"","meta":{"footnotes":""},"class_list":["post-117","page","type-page","status-publish","hentry"],"_links":{"self":[{"href":"https:\/\/sitekimpianti.it\/index.php?rest_route=\/wp\/v2\/pages\/117","targetHints":{"allow":["GET"]}}],"collection":[{"href":"https:\/\/sitekimpianti.it\/index.php?rest_route=\/wp\/v2\/pages"}],"about":[{"href":"https:\/\/sitekimpianti.it\/index.php?rest_route=\/wp\/v2\/types\/page"}],"author":[{"embeddable":true,"href":"https:\/\/sitekimpianti.it\/index.php?rest_route=\/wp\/v2\/users\/2"}],"replies":[{"embeddable":true,"href":"https:\/\/sitekimpianti.it\/index.php?rest_route=%2Fwp%2Fv2%2Fcomments&post=117"}],"version-history":[{"count":5,"href":"https:\/\/sitekimpianti.it\/index.php?rest_route=\/wp\/v2\/pages\/117\/revisions"}],"predecessor-version":[{"id":252,"href":"https:\/\/sitekimpianti.it\/index.php?rest_route=\/wp\/v2\/pages\/117\/revisions\/252"}],"wp:attachment":[{"href":"https:\/\/sitekimpianti.it\/index.php?rest_route=%2Fwp%2Fv2%2Fmedia&parent=117"}],"curies":[{"name":"wp","href":"https:\/\/api.w.org\/{rel}","templated":true}]}}