{"id":131,"date":"2015-01-14T08:16:41","date_gmt":"2015-01-14T08:16:41","guid":{"rendered":"https:\/\/sitekimpianti.it\/?page_id=131"},"modified":"2015-02-25T07:45:50","modified_gmt":"2015-02-25T07:45:50","slug":"condizionatori","status":"publish","type":"page","link":"https:\/\/sitekimpianti.it\/?page_id=131","title":{"rendered":"Condizionatori"},"content":{"rendered":"<p><strong>INSTALLAZIONE E MANUTENZIONE DI CONDIZIONATORI<\/strong><br \/>\nA Porcia, in provincia di Pordenone, il negozio Sitek \u00e8 specializzato nella fornitura di condizionatori dei migliori marchi e disponibili in modelli diversi, tutti all&#8217;avanguardia e studiati per garantire comfort negli spazi domestici e di lavoro durante i periodi caldi freddi. Assistenza nella vendita, nell&#8217;installazione e nella manutenzione sono sempre garantite dallo staff tecnico.<\/p>\n<p><a href=\"https:\/\/sitekimpianti.it\/wp-content\/uploads\/2014\/12\/img34.jpg\"><img loading=\"lazy\" decoding=\"async\" class=\"alignnone size-medium wp-image-81\" src=\"https:\/\/sitekimpianti.it\/wp-content\/uploads\/2014\/12\/img34-300x199.jpg\" alt=\"img34\" width=\"300\" height=\"199\" srcset=\"https:\/\/sitekimpianti.it\/wp-content\/uploads\/2014\/12\/img34-300x199.jpg 300w, https:\/\/sitekimpianti.it\/wp-content\/uploads\/2014\/12\/img34.jpg 490w\" sizes=\"auto, (max-width: 300px) 100vw, 300px\" \/><\/a><\/p>\n<p><strong>MODELLI INNOVATIVI E FUNZIONALI<\/strong><br \/>\nDai multisplit ai monosplit, fino ai modelli inverter per spazi di diversa metratura, i condizionatori sul mercato rispondono alle richieste pi\u00f9 esigenti grazie a meccanismi di funzionamento sofisticati. I modelli proposti sono dotati di silenziatori, filtri per catturare i batteri dell&#8217;aria, ionizzatori per la purificazione dell&#8217;aria, collegamenti alle unit\u00e0 esterne pratici. Sitek \u00e8 rivenditore dei migliori marchi del settore e offre un ricco assortimento di articoli curati anche nel design. I climatizzatori di ultima generazione sono realizzati con attenzione nei dettagli di stile, per favorire un impatto estetico di qualit\u00e0 ed integrarsi con armonia nell&#8217;arredo gi\u00e0 esistente nella stanza.<br \/>\nTra i marchi trattati si segnalano <span style=\"color: #ff0000;\">Daikin<\/span>, <span style=\"color: #ff0000;\">Fujitsu<\/span> e <span style=\"color: #ff0000;\">Mitsubishi Electric<\/span>.<\/p>\n<p><a href=\"https:\/\/sitekimpianti.it\/wp-content\/uploads\/2014\/12\/img21.jpg\"><img loading=\"lazy\" decoding=\"async\" class=\"alignnone size-medium wp-image-68\" src=\"https:\/\/sitekimpianti.it\/wp-content\/uploads\/2014\/12\/img21-300x199.jpg\" alt=\"img21\" width=\"300\" height=\"199\" srcset=\"https:\/\/sitekimpianti.it\/wp-content\/uploads\/2014\/12\/img21-300x199.jpg 300w, https:\/\/sitekimpianti.it\/wp-content\/uploads\/2014\/12\/img21.jpg 490w\" sizes=\"auto, (max-width: 300px) 100vw, 300px\" \/><\/a><\/p>\n<p><strong>INTERVENTI TECNICI<\/strong><br \/>\nAffidarsi a Sitek significa ricevere condizionatori di alta qualit\u00e0 ed assistenza per l&#8217;installazione, la manutenzione, la riparazione. La scelta del posizionamento delle unit\u00e0 interne ed esterne \u00e8 importante per garantire un flusso di aria fresca e calda efficace. Per questo la squadra tecnica a disposizione offre manodopera qualificata, disponibile anche per interventi di manutenzione ordinaria e straordinaria.<\/p>\n<p><a href=\"https:\/\/sitekimpianti.it\/wp-content\/uploads\/2014\/12\/img28.jpg\"><img loading=\"lazy\" decoding=\"async\" class=\"alignnone size-medium wp-image-75\" src=\"https:\/\/sitekimpianti.it\/wp-content\/uploads\/2014\/12\/img28-300x199.jpg\" alt=\"img28\" width=\"300\" height=\"199\" srcset=\"https:\/\/sitekimpianti.it\/wp-content\/uploads\/2014\/12\/img28-300x199.jpg 300w, https:\/\/sitekimpianti.it\/wp-content\/uploads\/2014\/12\/img28.jpg 490w\" sizes=\"auto, (max-width: 300px) 100vw, 300px\" \/><\/a><\/p>\n","protected":false},"excerpt":{"rendered":"<p>INSTALLAZIONE E MANUTENZIONE DI CONDIZIONATORI A Porcia, in provincia di Pordenone, il negozio Sitek \u00e8 specializzato nella fornitura di condizionatori dei migliori marchi e disponibili in modelli diversi, tutti all&#8217;avanguardia e studiati per garantire comfort negli spazi domestici e di lavoro durante i periodi caldi freddi. Assistenza nella vendita, nell&#8217;installazione e nella manutenzione sono sempre [&hellip;]<\/p>\n","protected":false},"author":2,"featured_media":0,"parent":0,"menu_order":0,"comment_status":"open","ping_status":"closed","template":"","meta":{"footnotes":""},"class_list":["post-131","page","type-page","status-publish","hentry"],"_links":{"self":[{"href":"https:\/\/sitekimpianti.it\/index.php?rest_route=\/wp\/v2\/pages\/131","targetHints":{"allow":["GET"]}}],"collection":[{"href":"https:\/\/sitekimpianti.it\/index.php?rest_route=\/wp\/v2\/pages"}],"about":[{"href":"https:\/\/sitekimpianti.it\/index.php?rest_route=\/wp\/v2\/types\/page"}],"author":[{"embeddable":true,"href":"https:\/\/sitekimpianti.it\/index.php?rest_route=\/wp\/v2\/users\/2"}],"replies":[{"embeddable":true,"href":"https:\/\/sitekimpianti.it\/index.php?rest_route=%2Fwp%2Fv2%2Fcomments&post=131"}],"version-history":[{"count":4,"href":"https:\/\/sitekimpianti.it\/index.php?rest_route=\/wp\/v2\/pages\/131\/revisions"}],"predecessor-version":[{"id":247,"href":"https:\/\/sitekimpianti.it\/index.php?rest_route=\/wp\/v2\/pages\/131\/revisions\/247"}],"wp:attachment":[{"href":"https:\/\/sitekimpianti.it\/index.php?rest_route=%2Fwp%2Fv2%2Fmedia&parent=131"}],"curies":[{"name":"wp","href":"https:\/\/api.w.org\/{rel}","templated":true}]}}