{"id":138,"date":"2015-01-14T08:20:44","date_gmt":"2015-01-14T08:20:44","guid":{"rendered":"https:\/\/sitekimpianti.it\/?page_id=138"},"modified":"2015-02-23T14:29:06","modified_gmt":"2015-02-23T14:29:06","slug":"aspirazione","status":"publish","type":"page","link":"https:\/\/sitekimpianti.it\/?page_id=138","title":{"rendered":"Aspirazione"},"content":{"rendered":"<p><strong>IMPIANTI DI ASPIRAZIONE, IMPIANTI PER LA VENTILAZIONE E LA DEPURAZIONE CIVILE E INDUSTRIALE<\/strong><br \/>\nLa salubrit\u00e0 dell&#8217;aria \u00e8 fondamentale per vivere in tranquillit\u00e0 e benessere in ambienti civili ed industriali. Per questo gli impianti di aspirazione, ventilazione e depurazione sono richiesti da gestori di aziende, attivit\u00e0 lavorative e privati per utenze domestiche, al fine di pulire l&#8217;aria ed eliminare agenti inquinanti spesso nocivi. Sitek fornisce macchine all&#8217;avanguardia ed efficaci, di grandi marchi del settore come <span style=\"color: #ff0000;\">Daikin<\/span>, <span style=\"color: #ff0000;\">Mitsubishi Electric<\/span> e <span style=\"color: #ff0000;\">Fujitsu<\/span>.<\/p>\n<p><strong> ARIA PULITA CON MACCHINE INNOVATIVE<\/strong><br \/>\nIndustrie meccaniche, del legno, chimiche, cementifici, aziende di compostaggio, stabilimenti con produzione di fumi, nebbie oleose, polveri, vapori necessitano di macchinari potenti per eliminare tutti le sostanze inquinanti e nocive per l&#8217;organismo.<\/p>\n<p style=\"text-align: left;\">Gli impianti di aspirazione forniti da Sitek comprendono:<\/p>\n<blockquote>\n<h6 style=\"text-align: center;\"><strong><span style=\"font-size: 12px;\">depuratori per polveri;<\/span><\/strong><br \/>\n<strong> <span style=\"font-size: 12px;\"> depuratori di fumi;<\/span><\/strong><br \/>\n<strong> <span style=\"font-size: 12px;\"> ventilatori industriali;<\/span><\/strong><br \/>\n<strong> <span style=\"font-size: 12px;\"> centrali filtranti;<\/span><\/strong><br \/>\n<strong> <span style=\"font-size: 12px;\"> bracci filtranti;<\/span><\/strong><br \/>\n<strong> <span style=\"font-size: 12px;\"> aspiratori.<\/span><\/strong><\/h6>\n<\/blockquote>\n<p>Tutte le apparecchiature consentono di fornire aria pulita nel pieno rispetto dei canoni di purezza stabiliti da specifiche e rigorose normative vigenti a livello nazionale.<\/p>\n<p><strong>CONSULENZE PER UN EFFICACE TRATTAMENTO DELL&#8217;ARIA<\/strong><br \/>\nOgni spazio richiede un sistema aspirante diverso, in base alla dimensione dell&#8217;ambiente e alla tipologia di sostanza prodotta ed emessa nell&#8217;aria. Per questo Sitek si avvale di una squadra di tecnici preparati per offrire una qualificata consulenza agli utenti, al fine di progettare l&#8217;impianto di aspirazione pi\u00f9 efficace e funzionale. Per richiedere sopralluoghi ed informazioni dettagliate contatta i numeri 0434 590385 e 335 5611496.<\/p>\n","protected":false},"excerpt":{"rendered":"<p>IMPIANTI DI ASPIRAZIONE, IMPIANTI PER LA VENTILAZIONE E LA DEPURAZIONE CIVILE E INDUSTRIALE La salubrit\u00e0 dell&#8217;aria \u00e8 fondamentale per vivere in tranquillit\u00e0 e benessere in ambienti civili ed industriali. Per questo gli impianti di aspirazione, ventilazione e depurazione sono richiesti da gestori di aziende, attivit\u00e0 lavorative e privati per utenze domestiche, al fine di pulire [&hellip;]<\/p>\n","protected":false},"author":2,"featured_media":0,"parent":0,"menu_order":0,"comment_status":"open","ping_status":"closed","template":"","meta":{"footnotes":""},"class_list":["post-138","page","type-page","status-publish","hentry"],"_links":{"self":[{"href":"https:\/\/sitekimpianti.it\/index.php?rest_route=\/wp\/v2\/pages\/138","targetHints":{"allow":["GET"]}}],"collection":[{"href":"https:\/\/sitekimpianti.it\/index.php?rest_route=\/wp\/v2\/pages"}],"about":[{"href":"https:\/\/sitekimpianti.it\/index.php?rest_route=\/wp\/v2\/types\/page"}],"author":[{"embeddable":true,"href":"https:\/\/sitekimpianti.it\/index.php?rest_route=\/wp\/v2\/users\/2"}],"replies":[{"embeddable":true,"href":"https:\/\/sitekimpianti.it\/index.php?rest_route=%2Fwp%2Fv2%2Fcomments&post=138"}],"version-history":[{"count":5,"href":"https:\/\/sitekimpianti.it\/index.php?rest_route=\/wp\/v2\/pages\/138\/revisions"}],"predecessor-version":[{"id":214,"href":"https:\/\/sitekimpianti.it\/index.php?rest_route=\/wp\/v2\/pages\/138\/revisions\/214"}],"wp:attachment":[{"href":"https:\/\/sitekimpianti.it\/index.php?rest_route=%2Fwp%2Fv2%2Fmedia&parent=138"}],"curies":[{"name":"wp","href":"https:\/\/api.w.org\/{rel}","templated":true}]}}