{"id":155,"date":"2015-01-14T08:42:05","date_gmt":"2015-01-14T08:42:05","guid":{"rendered":"https:\/\/sitekimpianti.it\/?page_id=155"},"modified":"2015-02-23T15:19:49","modified_gmt":"2015-02-23T15:19:49","slug":"centrali-di-controllo","status":"publish","type":"page","link":"https:\/\/sitekimpianti.it\/?page_id=155","title":{"rendered":"Centrali di controllo"},"content":{"rendered":"<div class=\"art-post payoff\">\n<div class=\"art-post-body\">\n<div class=\"art-post-inner art-article\">\n<div class=\"art-postcontent\">\n<p>Quella che la SITEK propone\u00a0<strong>\u00e8 una centrale di ultima generazione estremamente potente e dotata di una versatilit\u00e0 di utilizzo che le permette di adattarsi alle pi\u00f9 disparate situazioni installazione.<\/strong><\/p>\n<p>La filosofia del sistema \u00e8 quella dell&#8217;espandibilit\u00e0, della programmabilit\u00e0, abbinate alla semplicit\u00e0 di utilizzo. La centrale \u00e8 dotata di 8 zone di ingresso espandibili ad 80 e di 4 uscite sulla scheda base espandibili a 36. Le interazioni tra gli ingressi, le uscite e le azioni sul comunicatore telefonico, vocale o digitale, sono riprogrammabili a piacimento garantendo all&#8217;installatore una flessibilit\u00e0 operativa difficilmente uguagliabile.<\/p>\n<p>Un potente software di gestione in ambiente Windows permette di programmare e controllare la centrale sia collegandosi all&#8217;interfaccia RS232 che collegandosi in teleassistenza.<\/p>\n<\/div>\n<\/div>\n<div class=\"cleared\">\u00a0<img loading=\"lazy\" decoding=\"async\" class=\" size-full wp-image-37 aligncenter\" src=\"https:\/\/sitekimpianti.it\/wp-content\/uploads\/2014\/12\/img-espandibili_253x169.jpg\" alt=\"img-espandibili_253x169\" width=\"253\" height=\"168\" \/><\/div>\n<\/div>\n<\/div>\n<div class=\"art-post payoff\">\n<div class=\"art-post-tl\"><strong>\u00a0Caratteristiche generali<\/strong><\/div>\n<div class=\"art-post-body\">\n<div class=\"art-post-inner art-article\">\n<div class=\"art-postcontent\">\n<p>Fino a 80 zone di allarme: 8 sulla unit\u00e0 centrale, 64 su 16 espansioni di ingresso (4 zone ognuna),8 su 8 tastiere (1 zona ogni tastiera).<br \/>\nFino a 36 uscite di segnalazione e allarme: 2 rel\u00e8 doppio scambio (3 A) e 2 uscite open collector (1 A) sull&#8217;unit\u00e0 centrale, 32 open collector (150 mA) su 8 espansioni di uscita (4 uscite ognuna).<br \/>\nFino ad 8 tastiere con display LCD retroilluminato per la gestione del sistema.<br \/>\nFino a 16 inseritori per chiave elettronica. Fino a 2 stazioni di alimentazione, da 3 A o 5 A ciascuna, completamente controllate dalla centrale per mezzo del bus.<br \/>\nBus a 4 fili protetto dai cortocircuiti per la connessione dei dispositivi remoti.<br \/>\nDuplicazione fisica del bus per la protezione verso sabotaggi.<br \/>\nTutte le zone sono programmabili come tipo di bilanciamento, tipologia di funzionamento e tipologia di allarme.<br \/>\nOgni zona di ingresso pu\u00f2 essere programmata per impartire comandi alla centrale.<br \/>\nTutte le uscite sono programmabili come bistabili o cicliche con tempo di ciclo e stato di riposo programmabile.<br \/>\n8 aree programmabili ciascuna con le proprie zone, tastiere, inseritori, codici, uscite e tempi.<br \/>\n31 codici utente con visibilit\u00e0, priorit\u00e0 e funzioni programmabili.<br \/>\n250 Attivatori per chiave elettronica ognuno con visibilit\u00e0 programmabile.<br \/>\nOgni oggetto del sistema (zone, tastiere, inseritori, codici, chiavi, aree, ecc.) \u00e8 identificabile con un nome di 16 caratteri che comparir\u00e0 sulla tastiera durante le operazioni dell&#8217;utente.<br \/>\nMemorizzazione degli ultimi 200 eventi completi di data, ora ed utente.<br \/>\nd Interfaccia RS232 per programmare e controllare la centrale.<br \/>\nSoftware in ambiente Windows? per la programmazione, la teleassistenza ed il controllo della centrale.<\/p>\n<\/div>\n<\/div>\n<div class=\"cleared\"><strong>Funzioni telefoniche<\/strong><\/div>\n<\/div>\n<\/div>\n<div class=\"art-post payoff\">\n<div class=\"art-post-body\">\n<div class=\"art-post-inner art-article\">\n<div class=\"art-postcontent\">\n<ul>\n<li>Selezione a toni multi-frequenza oppure ad impulsi decadici.<\/li>\n<li>32 numeri telefonici a disposizione per funzioni di tele-vigilanza, teleassistenza e chiamate vocali.<\/li>\n<li>Comunicatore digitale multiprotocollo incorporato per la gestione di protocolli ad impulsi e DTMF<\/li>\n<li>Possibilit\u00e0 di attivare 10 diverse chiamate di allarme immediato da tastiera.<\/li>\n<li>Chiamata di test programmabile.<\/li>\n<li>Possibilit\u00e0 di abilitare la richiamata di sicurezza.<\/li>\n<li>Possibilit\u00e0 di condividere la linea telefonica con un altro dispositivo risponditore.<\/li>\n<li>Modem 1200 baud FSK integrato per la gestione della teleassistenza.<\/li>\n<\/ul>\n<\/div>\n<\/div>\n<\/div>\n<\/div>\n","protected":false},"excerpt":{"rendered":"<p>Quella che la SITEK propone\u00a0\u00e8 una centrale di ultima generazione estremamente potente e dotata di una versatilit\u00e0 di utilizzo che le permette di adattarsi alle pi\u00f9 disparate situazioni installazione. La filosofia del sistema \u00e8 quella dell&#8217;espandibilit\u00e0, della programmabilit\u00e0, abbinate alla semplicit\u00e0 di utilizzo. La centrale \u00e8 dotata di 8 zone di ingresso espandibili ad 80 [&hellip;]<\/p>\n","protected":false},"author":2,"featured_media":0,"parent":0,"menu_order":0,"comment_status":"open","ping_status":"closed","template":"","meta":{"footnotes":""},"class_list":["post-155","page","type-page","status-publish","hentry"],"_links":{"self":[{"href":"https:\/\/sitekimpianti.it\/index.php?rest_route=\/wp\/v2\/pages\/155","targetHints":{"allow":["GET"]}}],"collection":[{"href":"https:\/\/sitekimpianti.it\/index.php?rest_route=\/wp\/v2\/pages"}],"about":[{"href":"https:\/\/sitekimpianti.it\/index.php?rest_route=\/wp\/v2\/types\/page"}],"author":[{"embeddable":true,"href":"https:\/\/sitekimpianti.it\/index.php?rest_route=\/wp\/v2\/users\/2"}],"replies":[{"embeddable":true,"href":"https:\/\/sitekimpianti.it\/index.php?rest_route=%2Fwp%2Fv2%2Fcomments&post=155"}],"version-history":[{"count":5,"href":"https:\/\/sitekimpianti.it\/index.php?rest_route=\/wp\/v2\/pages\/155\/revisions"}],"predecessor-version":[{"id":236,"href":"https:\/\/sitekimpianti.it\/index.php?rest_route=\/wp\/v2\/pages\/155\/revisions\/236"}],"wp:attachment":[{"href":"https:\/\/sitekimpianti.it\/index.php?rest_route=%2Fwp%2Fv2%2Fmedia&parent=155"}],"curies":[{"name":"wp","href":"https:\/\/api.w.org\/{rel}","templated":true}]}}