{"id":161,"date":"2015-01-14T08:44:52","date_gmt":"2015-01-14T08:44:52","guid":{"rendered":"https:\/\/sitekimpianti.it\/?page_id=161"},"modified":"2015-02-23T15:20:07","modified_gmt":"2015-02-23T15:20:07","slug":"contatti-magnetici","status":"publish","type":"page","link":"https:\/\/sitekimpianti.it\/?page_id=161","title":{"rendered":"Contatti magnetici"},"content":{"rendered":"<p>Assortimento completo<br \/>\nAlta qualit\u00e0<br \/>\nSemplicit\u00e0 d&#8217;installazione<br \/>\nConduttori di lunghezza standard (2 m)<br \/>\nProvvisti di circuito anti manomissione<br \/>\nResistori incorporati disponibili su richiesta<\/p>\n<p><img loading=\"lazy\" decoding=\"async\" class=\" size-full wp-image-41 aligncenter\" src=\"https:\/\/sitekimpianti.it\/wp-content\/uploads\/2014\/12\/img-magnetici_253x169.jpg\" alt=\"img-magnetici_253x169\" width=\"253\" height=\"168\" \/><\/p>\n<p>&nbsp;<\/p>\n<p><strong>La durata e affidabilit\u00e0 della serie contatti magnetici DC \u00e8 di elevato livello prestazionale ed \u00e8 stata studiata per facilitare l&#8217;installazione e garantire una lunga durata nonch\u00e9 un elevato grado di affidabilit\u00e0.<\/strong><\/p>\n<p>Per la maggior parte di essi viene dichiarata prudentemente una capacit\u00e0 nominale di 10.000.000 cicli, garantendo una lunga durata.<\/p>\n<p>Ogni collegamento dei reed \u00e8 saldato a mano ed ogni contatto magnetico viene collaudato prima di lasciare la fabbrica: questo avviene nel 100% dei casi.<\/p>\n<p>Componenti e materiali di elevata qualit\u00e0 contatti magnetici sono rivestiti in rodio o rutenio e sono sigillati ermeticamente in azoto secco. In tal modo viene offerta un&#8217;ottima protezione contro l&#8217;incollamento e si fornisce un ambiente privo di umidit\u00e0 che impedisce la formazione di corrosione.<\/p>\n<p>Tutti i contatti magnetici sono incapsulati in una miscela isolante esclusiva a base di poliuretano che garantisce il corretto equilibrio fra flessibilit\u00e0 e massima capacit\u00e0 di tenuta. Nel caso in cui il materiale di supporto si espanda o si contragga a causa di un aumento dell&#8217;umidit\u00e0 o dell&#8217;essiccazione, la miscela consente al contenitore del contatto di flettersi e curvarsi impedendo al reed di incrinarsi.<\/p>\n<p>Inoltre rimane resistente agli aumenti di temperatura, mentre alcune miscele possono ammorbidirsi, determinando uno spostamento del reed con conseguenti falsi allarmi in quanto il contatto viene allontanato dal magnete.<\/p>\n<p>Gamma completa Possiamo offrirvi il prodotto ideale per qualsiasi tipo di applicazione con ogni relativo accessorio. Scegliete quelli che fanno al caso vostro fra la nostra gamma completa di contatti con installa zione di tipo ad incasso, a superficie, sospesa o a pavimento e sarete equipaggiati al meglio per rispondere agli attuali rigorosi requisiti per applicazioni residenziali, commerciali ed industriali.<\/p>\n<p>Elevata sicurezza Per installazioni richiedenti un elevato grado di sicurezza, forniamo un assortimento di contatti polarizzati. Un piccolo magnete (magnete di polarizzazione) \u00e8 collegato al reed e determina il cambiamento di posizione del medesimo.<\/p>\n<p>Ora il contatto \u00e8 bilanciato, ma soltanto finch\u00e9 il magnete dell&#8217;attuatore rimane posizionato in una zona specifica. Se il magnete dell&#8217;attuatore viene avvicinato o allontanato dal reed o se si prova ad annullare il contatto con un magnete esterno, il reed cambier\u00e0 di stato ed entrer\u00e0 in allarme. Per ottenere la massima sicurezza \u00e8 disponibile il contatto a tripla polarizzazione DC 111, munito di un circuito antimanomissione.<\/p>\n","protected":false},"excerpt":{"rendered":"<p>Assortimento completo Alta qualit\u00e0 Semplicit\u00e0 d&#8217;installazione Conduttori di lunghezza standard (2 m) Provvisti di circuito anti manomissione Resistori incorporati disponibili su richiesta &nbsp; La durata e affidabilit\u00e0 della serie contatti magnetici DC \u00e8 di elevato livello prestazionale ed \u00e8 stata studiata per facilitare l&#8217;installazione e garantire una lunga durata nonch\u00e9 un elevato grado di affidabilit\u00e0. [&hellip;]<\/p>\n","protected":false},"author":2,"featured_media":0,"parent":0,"menu_order":0,"comment_status":"open","ping_status":"closed","template":"","meta":{"footnotes":""},"class_list":["post-161","page","type-page","status-publish","hentry"],"_links":{"self":[{"href":"https:\/\/sitekimpianti.it\/index.php?rest_route=\/wp\/v2\/pages\/161","targetHints":{"allow":["GET"]}}],"collection":[{"href":"https:\/\/sitekimpianti.it\/index.php?rest_route=\/wp\/v2\/pages"}],"about":[{"href":"https:\/\/sitekimpianti.it\/index.php?rest_route=\/wp\/v2\/types\/page"}],"author":[{"embeddable":true,"href":"https:\/\/sitekimpianti.it\/index.php?rest_route=\/wp\/v2\/users\/2"}],"replies":[{"embeddable":true,"href":"https:\/\/sitekimpianti.it\/index.php?rest_route=%2Fwp%2Fv2%2Fcomments&post=161"}],"version-history":[{"count":3,"href":"https:\/\/sitekimpianti.it\/index.php?rest_route=\/wp\/v2\/pages\/161\/revisions"}],"predecessor-version":[{"id":237,"href":"https:\/\/sitekimpianti.it\/index.php?rest_route=\/wp\/v2\/pages\/161\/revisions\/237"}],"wp:attachment":[{"href":"https:\/\/sitekimpianti.it\/index.php?rest_route=%2Fwp%2Fv2%2Fmedia&parent=161"}],"curies":[{"name":"wp","href":"https:\/\/api.w.org\/{rel}","templated":true}]}}