{"id":165,"date":"2015-01-14T08:45:56","date_gmt":"2015-01-14T08:45:56","guid":{"rendered":"https:\/\/sitekimpianti.it\/?page_id=165"},"modified":"2015-02-25T07:49:02","modified_gmt":"2015-02-25T07:49:02","slug":"segnalatori-antifumo","status":"publish","type":"page","link":"https:\/\/sitekimpianti.it\/?page_id=165","title":{"rendered":"Segnalatori antifumo"},"content":{"rendered":"<p>I Rilevatori di gas della serie &#8220;<strong>Gas Detection System<\/strong>&#8221; vengono\u00a0<strong>impiegati per rilevare, in una atmosfera costituita principalmente da aria, la presenza di sostanze combustibili<\/strong>\u00a0in concentrazioni esprimibili percentualmente in % LEL, Limite Inferiore di Esplosivit\u00e0, tossiche in concentrazioni esprimibili in ppm (parti per milione) oppure nella rivelazione di deficienza o eccesso di ossigeno. Il sensore catalitico utilizzato nelle versioni per miscele esplosive conferisce una precisione ed una selettivit\u00e0 ottimale con qualunque tipo di gas, evitando al massimo i falsi allarmi dovuti alla minor selettivit\u00e0 dei tradizionali sensori a semiconduttore.<\/p>\n<p><img decoding=\"async\" class=\" size-full wp-image-46 aligncenter\" src=\"https:\/\/sitekimpianti.it\/wp-content\/uploads\/2014\/12\/img-segnalifumo_253x169.jpg\" alt=\"img-segnalifumo_253x169\" width=\"350\"  \/><\/p>\n<p>&nbsp;<\/p>\n<p>I sensori elettrochimici consentono inoltre alla famiglia Gas Detection System di rilevare concentrazioni molto basse (ppm) dei pi\u00f9 comuni gas tossici.<\/p>\n<p>I rivelatori della linea Gas Detection System, vengono commercializzati in un contenitore finestrate antipolvere IP55 per il modello &#8220;Dust&#8221;, e nel tradizionale contenitore antiesplosivo per il modello ADPE. L&#8217;utilizzo di celle elettrochimiche pi\u00f9 piccole delle tradizionali, consente alla famiglia Gas Detection System per gas tossici, di essere realizzati anche in versione ADPE.<\/p>\n<p>Il microprocessore a 8 bit garantisce, oltre alle normali funzionalit\u00e0 del rivelatore, le seguenti caratteristiche:<\/p>\n<p>Autodiagnosi: continua del sistema, che verifica in continuo il buono stato dell&#8217;hardware, sensore compreso.<br \/>\nInseguitore di Zero: per il mantenimento del parametro del sensore prescindendo da possibili derive dovute a variazioni termiche o fisiche del sensore stesso.<br \/>\nFiltro digitale: che consente di correggere fenomeni transitori che potrebbero causare una instabilit\u00e0 del sistema o errori di lettura con conseguenti falsi allarmi.<\/p>\n<p>Ciclo d&#8217;isteresi: viene applicato alle uscite digitali associate alle soglie d&#8217;allarme e consente l&#8217;eliminazione delle continue commutazioni nell&#8217;intorno dei punti di soglia. Il Rivelatore fornisce una uscita proporzionale in corrente (4-20 mA) corrispondente allo 0-100 % LIE (Limite Inferiore d&#8217;Esplosivit\u00e0) per i gas esplosivi, e 0-100% del fondo scala dichiarato sul rivelatore con lettura in ppm (Parti Per Milione) per i gas tossici. Inoltre fornisce tre uscite open collector associate alle tre soglie impostate gi\u00e0 presenti nel software del rivelatore, ed una uscita Open collector associata al guasto. \u00c8 inoltre prevista una versione del rivelatore con una uscita Doppia Soglia 10-20 mA.<\/p>\n<p>Sul rivelatore sono presenti tre led rossi associati alle tre soglie d&#8217;allarme, un led giallo associato al guasto, ed un led verde che segnala il funzionamento del rivelatore.<\/p>\n<p>La morsettiera di tipo estraibile semplifica e velocizza i collegamenti dei cavi di alimentazione e segnale. Per garantire la piena funzionalit\u00e0 con tutte le tipologie di centrali, \u00e8 inoltre disponibile una scheda a 2 rel\u00e8 aggiuntiva, installabile all&#8217;interno delle varie versioni di rivelatori, con la quale trasformare in contatti liberi da potenziale, le uscite open collector presenti.<\/p>\n","protected":false},"excerpt":{"rendered":"<p>I Rilevatori di gas della serie &#8220;Gas Detection System&#8221; vengono\u00a0impiegati per rilevare, in una atmosfera costituita principalmente da aria, la presenza di sostanze combustibili\u00a0in concentrazioni esprimibili percentualmente in % LEL, Limite Inferiore di Esplosivit\u00e0, tossiche in concentrazioni esprimibili in ppm (parti per milione) oppure nella rivelazione di deficienza o eccesso di ossigeno. Il sensore catalitico [&hellip;]<\/p>\n","protected":false},"author":2,"featured_media":0,"parent":0,"menu_order":0,"comment_status":"open","ping_status":"closed","template":"","meta":{"footnotes":""},"class_list":["post-165","page","type-page","status-publish","hentry"],"_links":{"self":[{"href":"https:\/\/sitekimpianti.it\/index.php?rest_route=\/wp\/v2\/pages\/165","targetHints":{"allow":["GET"]}}],"collection":[{"href":"https:\/\/sitekimpianti.it\/index.php?rest_route=\/wp\/v2\/pages"}],"about":[{"href":"https:\/\/sitekimpianti.it\/index.php?rest_route=\/wp\/v2\/types\/page"}],"author":[{"embeddable":true,"href":"https:\/\/sitekimpianti.it\/index.php?rest_route=\/wp\/v2\/users\/2"}],"replies":[{"embeddable":true,"href":"https:\/\/sitekimpianti.it\/index.php?rest_route=%2Fwp%2Fv2%2Fcomments&post=165"}],"version-history":[{"count":3,"href":"https:\/\/sitekimpianti.it\/index.php?rest_route=\/wp\/v2\/pages\/165\/revisions"}],"predecessor-version":[{"id":250,"href":"https:\/\/sitekimpianti.it\/index.php?rest_route=\/wp\/v2\/pages\/165\/revisions\/250"}],"wp:attachment":[{"href":"https:\/\/sitekimpianti.it\/index.php?rest_route=%2Fwp%2Fv2%2Fmedia&parent=165"}],"curies":[{"name":"wp","href":"https:\/\/api.w.org\/{rel}","templated":true}]}}