{"id":167,"date":"2015-01-14T08:46:27","date_gmt":"2015-01-14T08:46:27","guid":{"rendered":"https:\/\/sitekimpianti.it\/?page_id=167"},"modified":"2015-02-23T15:19:02","modified_gmt":"2015-02-23T15:19:02","slug":"segnalatori-di-movimento","status":"publish","type":"page","link":"https:\/\/sitekimpianti.it\/?page_id=167","title":{"rendered":"Segnalatori di movimento"},"content":{"rendered":"<p><strong>I modelli proposti da Sitek uniscono il &#8220;top&#8221; della tecnologia al migliore design<\/strong>.<br \/>\nStudiati per applicazioni commerciali e residenziali,\u00a0<strong>garantiscono una perfetta protezione a clienti che hanno cura anche delle soluzioni estetiche dei loro ambienti.<br \/>\n<\/strong>Due tecnologie di rilevazione del movimento combinate, infrarossi e microonde, per ottenere con certezza la sola segnalazione di movimento di tipo umano, che \u00e8 rilevata da entrambi i sistemi. Un microprocessore controlla il rilevatore in tutte le sue funzioni: un particolare algoritmo permette la compensazione della sensibilit\u00e0 al variare della temperatura. La parte ottica \u00e8 protetta da interferenze, e la lente pigmentata permette di filtrare la luce bianca; l&#8217;area protetta \u00e8 vasta, fino a 10. 15 e 25m, nei tre modelli disponibili, tutti con zona di copertura sotto il rilevatore e memorizzazione opzionale.<\/p>\n<p>Questo modello di rilevatore passivo di infrarossi \u00e8 di tipo tradizionale, con piroelettrico duale, ma controllato da un microprocessore, che permette la compensazione della temperatura e migliore analisi del segnale.<\/p>\n<p><img loading=\"lazy\" decoding=\"async\" class=\" size-full wp-image-42 aligncenter\" src=\"https:\/\/sitekimpianti.it\/wp-content\/uploads\/2014\/12\/img-movimento_253x169.jpg\" alt=\"img-movimento_253x169\" width=\"253\" height=\"168\" \/><\/p>\n<p>Dispone sempre di lente pigmentata filtrante e di zona sensibile nella parte sottostante. E&#8217; disponibile anche in versione senza fili con supervisione radio, segnalazione di pila scarica, tre anni di autonomia.<br \/>\nDotato di due sensori duali questo modello di rilevatore passivo di infrarossi \u00e8 la massima garanzia contro i falsi allarmi. solo la contemporaneit\u00e0 di rilevazione, con particolare algoritmo, infatti, d\u00e0 luogo ad allarme. Controllato da un microprocessore, con particolare algoritmo per la compensazione della temperatura. Dispone di lente pigmentata che filtra la luce bianca, di protezione della parte ottica e di zona sensibile sottostante l&#8217;apparecchio.<\/p>\n","protected":false},"excerpt":{"rendered":"<p>I modelli proposti da Sitek uniscono il &#8220;top&#8221; della tecnologia al migliore design. Studiati per applicazioni commerciali e residenziali,\u00a0garantiscono una perfetta protezione a clienti che hanno cura anche delle soluzioni estetiche dei loro ambienti. Due tecnologie di rilevazione del movimento combinate, infrarossi e microonde, per ottenere con certezza la sola segnalazione di movimento di tipo [&hellip;]<\/p>\n","protected":false},"author":2,"featured_media":0,"parent":0,"menu_order":0,"comment_status":"open","ping_status":"closed","template":"","meta":{"footnotes":""},"class_list":["post-167","page","type-page","status-publish","hentry"],"_links":{"self":[{"href":"https:\/\/sitekimpianti.it\/index.php?rest_route=\/wp\/v2\/pages\/167","targetHints":{"allow":["GET"]}}],"collection":[{"href":"https:\/\/sitekimpianti.it\/index.php?rest_route=\/wp\/v2\/pages"}],"about":[{"href":"https:\/\/sitekimpianti.it\/index.php?rest_route=\/wp\/v2\/types\/page"}],"author":[{"embeddable":true,"href":"https:\/\/sitekimpianti.it\/index.php?rest_route=\/wp\/v2\/users\/2"}],"replies":[{"embeddable":true,"href":"https:\/\/sitekimpianti.it\/index.php?rest_route=%2Fwp%2Fv2%2Fcomments&post=167"}],"version-history":[{"count":4,"href":"https:\/\/sitekimpianti.it\/index.php?rest_route=\/wp\/v2\/pages\/167\/revisions"}],"predecessor-version":[{"id":234,"href":"https:\/\/sitekimpianti.it\/index.php?rest_route=\/wp\/v2\/pages\/167\/revisions\/234"}],"wp:attachment":[{"href":"https:\/\/sitekimpianti.it\/index.php?rest_route=%2Fwp%2Fv2%2Fmedia&parent=167"}],"curies":[{"name":"wp","href":"https:\/\/api.w.org\/{rel}","templated":true}]}}